{"id":74,"date":"2024-11-22T06:07:31","date_gmt":"2024-11-22T06:07:31","guid":{"rendered":"https:\/\/www.les-lodies-cookies.re\/?page_id=74"},"modified":"2025-04-01T06:14:19","modified_gmt":"2025-04-01T06:14:19","slug":"histoire-de-lodies","status":"publish","type":"page","link":"https:\/\/www.les-lodies-cookies.re\/?page_id=74","title":{"rendered":"Histoire de Lodies"},"content":{"rendered":"<p>[et_pb_section fb_built=\u00a0\u00bb1&Prime; admin_label=\u00a0\u00bbHeader\u00a0\u00bb _builder_version=\u00a0\u00bb4.27.3&Prime; _module_preset=\u00a0\u00bbdefault\u00a0\u00bb background_color=\u00a0\u00bbgcid-74fc9072-2cad-4f61-ba48-82b911082b3f\u00a0\u00bb use_background_color_gradient=\u00a0\u00bbon\u00a0\u00bb background_color_gradient_stops=\u00a0\u00bb#ffffff 0%|rgba(255,255,255,0.6) 30%\u00a0\u00bb background_color_gradient_overlays_image=\u00a0\u00bbon\u00a0\u00bb background_image=\u00a0\u00bbhttps:\/\/www.les-lodies-cookies.re\/wp-content\/uploads\/2025\/02\/1029959-scaled.jpg\u00a0\u00bb parallax=\u00a0\u00bbon\u00a0\u00bb parallax_method=\u00a0\u00bboff\u00a0\u00bb custom_padding=\u00a0\u00bb||54px|||\u00a0\u00bb background_position_tablet=\u00a0\u00bbtop_center\u00a0\u00bb background_position_phone=\u00a0\u00bbtop_right\u00a0\u00bb collapsed=\u00a0\u00bbon\u00a0\u00bb global_colors_info=\u00a0\u00bb{%22gcid-74fc9072-2cad-4f61-ba48-82b911082b3f%22:%91%22background_color%22,%22background_color%22,%22background_color%22%93}\u00a0\u00bb][et_pb_row _builder_version=\u00a0\u00bb4.19.5&Prime; _module_preset=\u00a0\u00bbdefault\u00a0\u00bb global_colors_info=\u00a0\u00bb{}\u00a0\u00bb][et_pb_column type=\u00a0\u00bb4_4&Prime; _builder_version=\u00a0\u00bb4.19.5&Prime; _module_preset=\u00a0\u00bbdefault\u00a0\u00bb global_colors_info=\u00a0\u00bb{}\u00a0\u00bb][et_pb_image src=\u00a0\u00bbhttps:\/\/www.les-lodies-cookies.re\/wp-content\/uploads\/2025\/02\/online-yoga-class_45.jpg\u00a0\u00bb title_text=\u00a0\u00bbonline-yoga-class_45&Prime; align=\u00a0\u00bbcenter\u00a0\u00bb _builder_version=\u00a0\u00bb4.19.5&Prime; _module_preset=\u00a0\u00bbdefault\u00a0\u00bb max_width=\u00a0\u00bb110px\u00a0\u00bb border_radii=\u00a0\u00bbon|999px|999px|999px|999px\u00a0\u00bb global_colors_info=\u00a0\u00bb{}\u00a0\u00bb][\/et_pb_image][et_pb_text _builder_version=\u00a0\u00bb4.19.5&Prime; _module_preset=\u00a0\u00bb_initial\u00a0\u00bb header_font=\u00a0\u00bbMedula One||||||||\u00a0\u00bb header_font_size=\u00a0\u00bb130px\u00a0\u00bb text_orientation=\u00a0\u00bbcenter\u00a0\u00bb custom_margin=\u00a0\u00bb||0px||false|false\u00a0\u00bb header_font_size_tablet=\u00a0\u00bb56px\u00a0\u00bb header_font_size_phone=\u00a0\u00bb48px\u00a0\u00bb header_font_size_last_edited=\u00a0\u00bbon|desktop\u00a0\u00bb global_colors_info=\u00a0\u00bb{}\u00a0\u00bb]<\/p>\n<h1>Hello !<\/h1>\n<p>[\/et_pb_text][et_pb_text _builder_version=\u00a0\u00bb4.19.2&Prime; _module_preset=\u00a0\u00bb_initial\u00a0\u00bb header_font=\u00a0\u00bb||||||||\u00a0\u00bb header_4_font=\u00a0\u00bbMedula One||||||||\u00a0\u00bb header_4_font_size=\u00a0\u00bb28px\u00a0\u00bb header_4_line_height=\u00a0\u00bb1.4em\u00a0\u00bb text_orientation=\u00a0\u00bbcenter\u00a0\u00bb header_4_font_size_tablet=\u00a0\u00bb22px\u00a0\u00bb header_4_font_size_phone=\u00a0\u00bb24px\u00a0\u00bb header_4_font_size_last_edited=\u00a0\u00bbon|desktop\u00a0\u00bb global_colors_info=\u00a0\u00bb{}\u00a0\u00bb]<\/p>\n<h4>Histoire de Les Lodies Cookies<\/h4>\n<p>[\/et_pb_text][\/et_pb_column][\/et_pb_row][\/et_pb_section][et_pb_section fb_built=\u00a0\u00bb1&Prime; admin_label=\u00a0\u00bbMenu\u00a0\u00bb _builder_version=\u00a0\u00bb4.27.3&Prime; _module_preset=\u00a0\u00bbdefault\u00a0\u00bb background_color=\u00a0\u00bbgcid-74fc9072-2cad-4f61-ba48-82b911082b3f\u00a0\u00bb use_background_color_gradient=\u00a0\u00bbon\u00a0\u00bb background_color_gradient_stops=\u00a0\u00bb#ffffff 0%|rgba(255,255,255,0.56) 100%\u00a0\u00bb background_color_gradient_overlays_image=\u00a0\u00bbon\u00a0\u00bb background_image=\u00a0\u00bbhttps:\/\/www.les-lodies-cookies.re\/wp-content\/uploads\/2025\/02\/1030008-scaled.jpg\u00a0\u00bb background_size=\u00a0\u00bbinitial\u00a0\u00bb overflow-x=\u00a0\u00bbhidden\u00a0\u00bb overflow-y=\u00a0\u00bbhidden\u00a0\u00bb background_last_edited=\u00a0\u00bboff|desktop\u00a0\u00bb background_size_tablet=\u00a0\u00bbinitial\u00a0\u00bb collapsed=\u00a0\u00bbon\u00a0\u00bb global_colors_info=\u00a0\u00bb{%22gcid-74fc9072-2cad-4f61-ba48-82b911082b3f%22:%91%22background_color%22%93}\u00a0\u00bb][et_pb_row _builder_version=\u00a0\u00bb4.19.5&Prime; _module_preset=\u00a0\u00bbdefault\u00a0\u00bb max_width=\u00a0\u00bb600px\u00a0\u00bb global_colors_info=\u00a0\u00bb{}\u00a0\u00bb][et_pb_column type=\u00a0\u00bb4_4&Prime; _builder_version=\u00a0\u00bb4.19.2&Prime; _module_preset=\u00a0\u00bbdefault\u00a0\u00bb global_colors_info=\u00a0\u00bb{}\u00a0\u00bb][et_pb_text _builder_version=\u00a0\u00bb4.19.5&Prime; _module_preset=\u00a0\u00bb_initial\u00a0\u00bb header_2_font=\u00a0\u00bbMedula One||||||||\u00a0\u00bb header_2_font_size=\u00a0\u00bb80px\u00a0\u00bb text_orientation=\u00a0\u00bbcenter\u00a0\u00bb header_2_font_size_tablet=\u00a0\u00bb32px\u00a0\u00bb header_2_font_size_phone=\u00a0\u00bb28px\u00a0\u00bb header_2_font_size_last_edited=\u00a0\u00bbon|desktop\u00a0\u00bb global_colors_info=\u00a0\u00bb{}\u00a0\u00bb]<\/p>\n<h2>Qui suis-je ?<\/h2>\n<p>[\/et_pb_text][et_pb_text _builder_version=\u00a0\u00bb4.27.3&Prime; _module_preset=\u00a0\u00bb_initial\u00a0\u00bb text_font=\u00a0\u00bb||||||||\u00a0\u00bb text_text_color=\u00a0\u00bb#000000&Prime; text_font_size=\u00a0\u00bb16px\u00a0\u00bb text_line_height=\u00a0\u00bb1.6em\u00a0\u00bb text_font_size_tablet=\u00a0\u00bb16px\u00a0\u00bb text_font_size_phone=\u00a0\u00bb14px\u00a0\u00bb text_font_size_last_edited=\u00a0\u00bbon|phone\u00a0\u00bb header_font_size_tablet=\u00a0\u00bb55px\u00a0\u00bb header_font_size_last_edited=\u00a0\u00bboff|desktop\u00a0\u00bb global_colors_info=\u00a0\u00bb{}\u00a0\u00bb]<\/p>\n<p>Je suis Elodie et j&rsquo;ai cr\u00e9\u00e9 Les lodies cookies pour partager mon amour des cookies, ce biscuit g\u00e9n\u00e9ralement rond de type sabl\u00e9 aux d\u00e9clinaisons infinies ! Le plus dur a \u00e9t\u00e9 d&rsquo;arr\u00eater mon choix entre toutes ces savoureuses recettes afin de vous proposer les meilleures et les plus justes.<\/p>\n<p>Toujours dans la cr\u00e9ation et aujourd&rsquo;hui forte de mon CAP p\u00e2tisserie, j&rsquo;esp\u00e8re que vous serez combl\u00e9.<\/p>\n<p>Cr\u00e9\u00e9 en fin 2023 dans cette p\u00e9riode compliqu\u00e9e, j&rsquo;ai souhait\u00e9 que mes cookies vous apportent toujours r\u00e9confort et plaisir.<\/p>\n<p>[\/et_pb_text][\/et_pb_column][\/et_pb_row][\/et_pb_section][et_pb_section fb_built=\u00a0\u00bb1&Prime; admin_label=\u00a0\u00bbProducts\u00a0\u00bb _builder_version=\u00a0\u00bb4.19.5&Prime; _module_preset=\u00a0\u00bbdefault\u00a0\u00bb background_color=\u00a0\u00bbgcid-74fc9072-2cad-4f61-ba48-82b911082b3f\u00a0\u00bb locked=\u00a0\u00bboff\u00a0\u00bb collapsed=\u00a0\u00bbon\u00a0\u00bb global_colors_info=\u00a0\u00bb{%22gcid-74fc9072-2cad-4f61-ba48-82b911082b3f%22:%91%22background_color%22%93}\u00a0\u00bb][et_pb_row _builder_version=\u00a0\u00bb4.27.3&Prime; _module_preset=\u00a0\u00bbdefault\u00a0\u00bb global_colors_info=\u00a0\u00bb{}\u00a0\u00bb][et_pb_column type=\u00a0\u00bb4_4&Prime; _builder_version=\u00a0\u00bb4.19.2&Prime; _module_preset=\u00a0\u00bbdefault\u00a0\u00bb global_colors_info=\u00a0\u00bb{}\u00a0\u00bb][et_pb_shop type=\u00a0\u00bbproduct_category\u00a0\u00bb posts_number=\u00a0\u00bb4&Prime; show_pagination=\u00a0\u00bbon\u00a0\u00bb include_categories=\u00a0\u00bb35,34,46,39,38,43,42&Prime; columns_number=\u00a0\u00bb4&Prime; icon_hover_color=\u00a0\u00bb#EE7A77&Prime; _builder_version=\u00a0\u00bb4.27.3&Prime; _module_preset=\u00a0\u00bbdefault\u00a0\u00bb title_font=\u00a0\u00bb&#8211;et_global_body_font||||||||\u00a0\u00bb title_text_color=\u00a0\u00bb#000000&Prime; title_font_size=\u00a0\u00bb20px\u00a0\u00bb title_line_height=\u00a0\u00bb1.4em\u00a0\u00bb price_font=\u00a0\u00bb&#8211;et_global_heading_font|700|||||||\u00a0\u00bb price_text_color=\u00a0\u00bb#D26332&Prime; price_font_size=\u00a0\u00bb21px\u00a0\u00bb price_letter_spacing=\u00a0\u00bb0.08em\u00a0\u00bb title_font_size_tablet=\u00a0\u00bb22px\u00a0\u00bb title_font_size_phone=\u00a0\u00bb20px\u00a0\u00bb title_font_size_last_edited=\u00a0\u00bbon|desktop\u00a0\u00bb global_colors_info=\u00a0\u00bb{}\u00a0\u00bb][\/et_pb_shop][\/et_pb_column][\/et_pb_row][et_pb_row custom_padding_last_edited=\u00a0\u00bbon|desktop\u00a0\u00bb _builder_version=\u00a0\u00bb4.27.3&Prime; _module_preset=\u00a0\u00bbdefault\u00a0\u00bb background_color=\u00a0\u00bb#D26332&Prime; custom_padding=\u00a0\u00bb50px|50px|50px|50px|true|true\u00a0\u00bb custom_padding_tablet=\u00a0\u00bb30px|30px|30px|30px|true|true\u00a0\u00bb custom_padding_phone=\u00a0\u00bb20px|20px|20px|20px|true|true\u00a0\u00bb global_colors_info=\u00a0\u00bb{}\u00a0\u00bb][et_pb_column type=\u00a0\u00bb4_4&Prime; _builder_version=\u00a0\u00bb4.19.5&Prime; _module_preset=\u00a0\u00bbdefault\u00a0\u00bb global_colors_info=\u00a0\u00bb{}\u00a0\u00bb][et_pb_text _builder_version=\u00a0\u00bb4.27.3&Prime; _module_preset=\u00a0\u00bbaa8412c0-3a4e-4b9d-9612-12e962360c14&Prime; header_2_font=\u00a0\u00bb&#8211;et_global_heading_font||||||||\u00a0\u00bb header_2_text_color=\u00a0\u00bb#FFFFFF\u00a0\u00bb header_2_font_size=\u00a0\u00bb58px\u00a0\u00bb text_orientation=\u00a0\u00bbcenter\u00a0\u00bb custom_margin=\u00a0\u00bb||0px||false|false\u00a0\u00bb global_colors_info=\u00a0\u00bb{}\u00a0\u00bb]<\/p>\n<h2>Livraison en point relais<\/h2>\n<p>[\/et_pb_text][et_pb_text _builder_version=\u00a0\u00bb4.19.5&Prime; _module_preset=\u00a0\u00bb963f115c-adfe-4c8e-b7c7-6a3b1f54cd30&Prime; header_4_font=\u00a0\u00bb&#8211;et_global_body_font||||||||\u00a0\u00bb header_4_text_color=\u00a0\u00bb#FFFFFF\u00a0\u00bb text_orientation=\u00a0\u00bbcenter\u00a0\u00bb locked=\u00a0\u00bboff\u00a0\u00bb global_colors_info=\u00a0\u00bb{}\u00a0\u00bb]<\/p>\n<h4>A Saint Joseph : le vendredi matin au march\u00e9 forain de 7h00 \u00e0 11h30<\/h4>\n<h4><span style=\"font-size: x-large;\">A Saint Pierre\u00a0 : le samedi matin march\u00e9 forain de 7h00 \u00e0 12h00<\/span><\/h4>\n<h3><span style=\"font-size: x-large;\">Si vous souhaitez un autre lieu et un autre jour, appelez nous au 06 93 86 38 15<\/span><\/h3>\n<p>&nbsp;<\/p>\n<p>[\/et_pb_text][et_pb_button button_text=\u00a0\u00bbJe commande maintenant mes Cookies\u00a0\u00bb button_alignment=\u00a0\u00bbcenter\u00a0\u00bb _builder_version=\u00a0\u00bb4.27.3&Prime; _module_preset=\u00a0\u00bb45efea30-bef5-45de-ac42-5c75fe184fca\u00a0\u00bb global_colors_info=\u00a0\u00bb{}\u00a0\u00bb][\/et_pb_button][\/et_pb_column][\/et_pb_row][\/et_pb_section]<\/p>\n","protected":false},"excerpt":{"rendered":"<p>Hello !Histoire de Les Lodies CookiesQui suis-je ?Je suis Elodie et j&rsquo;ai cr\u00e9\u00e9 Les lodies cookies pour partager mon amour des cookies, ce biscuit g\u00e9n\u00e9ralement rond de type sabl\u00e9 aux d\u00e9clinaisons infinies ! Le plus dur a \u00e9t\u00e9 d&rsquo;arr\u00eater mon choix entre toutes ces savoureuses recettes afin de vous proposer les meilleures et les plus [&hellip;]<\/p>\n","protected":false},"author":1,"featured_media":0,"parent":0,"menu_order":0,"comment_status":"closed","ping_status":"closed","template":"","meta":{"_et_pb_use_builder":"on","_et_pb_old_content":"<!-- wp:divi\/placeholder \/-->","_et_gb_content_width":"","footnotes":""},"class_list":["post-74","page","type-page","status-publish","hentry"],"yoast_head":"<!-- This site is optimized with the Yoast SEO plugin v27.4 - https:\/\/yoast.com\/product\/yoast-seo-wordpress\/ -->\n<title>Histoire de Lodies - Les lodies cookies<\/title>\n<meta name=\"description\" content=\"Histoire de Lodie\u2019s Cookies : savourez les meilleurs cookies sabl\u00e9s artisanaux et personalis\u00e9s \u00e0 La R\u00e9union. Recettes maison, locales , livraison rapide.\" \/>\n<meta name=\"robots\" content=\"index, follow, max-snippet:-1, max-image-preview:large, max-video-preview:-1\" \/>\n<link rel=\"canonical\" href=\"https:\/\/www.les-lodies-cookies.re\/?page_id=74\" \/>\n<meta property=\"og:locale\" content=\"fr_FR\" \/>\n<meta property=\"og:type\" content=\"article\" \/>\n<meta property=\"og:title\" content=\"Histoire de Lodies - Les lodies cookies\" \/>\n<meta property=\"og:description\" content=\"Histoire de Lodie\u2019s Cookies : savourez les meilleurs cookies sabl\u00e9s artisanaux et personalis\u00e9s \u00e0 La R\u00e9union. Recettes maison, locales , livraison rapide.\" \/>\n<meta property=\"og:url\" content=\"https:\/\/www.les-lodies-cookies.re\/?page_id=74\" \/>\n<meta property=\"og:site_name\" content=\"Les lodies cookies\" \/>\n<meta property=\"article:modified_time\" content=\"2025-04-01T06:14:19+00:00\" \/>\n<meta property=\"og:image\" content=\"https:\/\/www.les-lodies-cookies.re\/wp-content\/uploads\/2025\/02\/PNG.png\" \/>\n\t<meta property=\"og:image:width\" content=\"1000\" \/>\n\t<meta property=\"og:image:height\" content=\"1000\" \/>\n\t<meta property=\"og:image:type\" content=\"image\/png\" \/>\n<meta name=\"twitter:card\" content=\"summary_large_image\" \/>\n<meta name=\"twitter:label1\" content=\"Dur\u00e9e de lecture estim\u00e9e\" \/>\n\t<meta name=\"twitter:data1\" content=\"3 minutes\" \/>\n<script type=\"application\/ld+json\" class=\"yoast-schema-graph\">{\"@context\":\"https:\\\/\\\/schema.org\",\"@graph\":[{\"@type\":\"WebPage\",\"@id\":\"https:\\\/\\\/www.les-lodies-cookies.re\\\/?page_id=74\",\"url\":\"https:\\\/\\\/www.les-lodies-cookies.re\\\/?page_id=74\",\"name\":\"Histoire de Lodies - Les lodies cookies\",\"isPartOf\":{\"@id\":\"https:\\\/\\\/www.les-lodies-cookies.re\\\/#website\"},\"datePublished\":\"2024-11-22T06:07:31+00:00\",\"dateModified\":\"2025-04-01T06:14:19+00:00\",\"description\":\"Histoire de Lodie\u2019s Cookies : savourez les meilleurs cookies sabl\u00e9s artisanaux et personalis\u00e9s \u00e0 La R\u00e9union. Recettes maison, locales , livraison rapide.\",\"breadcrumb\":{\"@id\":\"https:\\\/\\\/www.les-lodies-cookies.re\\\/?page_id=74#breadcrumb\"},\"inLanguage\":\"fr-FR\",\"potentialAction\":[{\"@type\":\"ReadAction\",\"target\":[\"https:\\\/\\\/www.les-lodies-cookies.re\\\/?page_id=74\"]}]},{\"@type\":\"BreadcrumbList\",\"@id\":\"https:\\\/\\\/www.les-lodies-cookies.re\\\/?page_id=74#breadcrumb\",\"itemListElement\":[{\"@type\":\"ListItem\",\"position\":1,\"name\":\"Accueil\",\"item\":\"https:\\\/\\\/www.les-lodies-cookies.re\\\/\"},{\"@type\":\"ListItem\",\"position\":2,\"name\":\"Histoire de Lodies\"}]},{\"@type\":\"WebSite\",\"@id\":\"https:\\\/\\\/www.les-lodies-cookies.re\\\/#website\",\"url\":\"https:\\\/\\\/www.les-lodies-cookies.re\\\/\",\"name\":\"Les lodies cookies\",\"description\":\"Cookies fait maison \u00e0 la R\u00e9union 974\",\"potentialAction\":[{\"@type\":\"SearchAction\",\"target\":{\"@type\":\"EntryPoint\",\"urlTemplate\":\"https:\\\/\\\/www.les-lodies-cookies.re\\\/?s={search_term_string}\"},\"query-input\":{\"@type\":\"PropertyValueSpecification\",\"valueRequired\":true,\"valueName\":\"search_term_string\"}}],\"inLanguage\":\"fr-FR\"}]}<\/script>\n<!-- \/ Yoast SEO plugin. -->","yoast_head_json":{"title":"Histoire de Lodies - Les lodies cookies","description":"Histoire de Lodie\u2019s Cookies : savourez les meilleurs cookies sabl\u00e9s artisanaux et personalis\u00e9s \u00e0 La R\u00e9union. Recettes maison, locales , livraison rapide.","robots":{"index":"index","follow":"follow","max-snippet":"max-snippet:-1","max-image-preview":"max-image-preview:large","max-video-preview":"max-video-preview:-1"},"canonical":"https:\/\/www.les-lodies-cookies.re\/?page_id=74","og_locale":"fr_FR","og_type":"article","og_title":"Histoire de Lodies - Les lodies cookies","og_description":"Histoire de Lodie\u2019s Cookies : savourez les meilleurs cookies sabl\u00e9s artisanaux et personalis\u00e9s \u00e0 La R\u00e9union. Recettes maison, locales , livraison rapide.","og_url":"https:\/\/www.les-lodies-cookies.re\/?page_id=74","og_site_name":"Les lodies cookies","article_modified_time":"2025-04-01T06:14:19+00:00","og_image":[{"width":1000,"height":1000,"url":"https:\/\/www.les-lodies-cookies.re\/wp-content\/uploads\/2025\/02\/PNG.png","type":"image\/png"}],"twitter_card":"summary_large_image","twitter_misc":{"Dur\u00e9e de lecture estim\u00e9e":"3 minutes"},"schema":{"@context":"https:\/\/schema.org","@graph":[{"@type":"WebPage","@id":"https:\/\/www.les-lodies-cookies.re\/?page_id=74","url":"https:\/\/www.les-lodies-cookies.re\/?page_id=74","name":"Histoire de Lodies - Les lodies cookies","isPartOf":{"@id":"https:\/\/www.les-lodies-cookies.re\/#website"},"datePublished":"2024-11-22T06:07:31+00:00","dateModified":"2025-04-01T06:14:19+00:00","description":"Histoire de Lodie\u2019s Cookies : savourez les meilleurs cookies sabl\u00e9s artisanaux et personalis\u00e9s \u00e0 La R\u00e9union. Recettes maison, locales , livraison rapide.","breadcrumb":{"@id":"https:\/\/www.les-lodies-cookies.re\/?page_id=74#breadcrumb"},"inLanguage":"fr-FR","potentialAction":[{"@type":"ReadAction","target":["https:\/\/www.les-lodies-cookies.re\/?page_id=74"]}]},{"@type":"BreadcrumbList","@id":"https:\/\/www.les-lodies-cookies.re\/?page_id=74#breadcrumb","itemListElement":[{"@type":"ListItem","position":1,"name":"Accueil","item":"https:\/\/www.les-lodies-cookies.re\/"},{"@type":"ListItem","position":2,"name":"Histoire de Lodies"}]},{"@type":"WebSite","@id":"https:\/\/www.les-lodies-cookies.re\/#website","url":"https:\/\/www.les-lodies-cookies.re\/","name":"Les lodies cookies","description":"Cookies fait maison \u00e0 la R\u00e9union 974","potentialAction":[{"@type":"SearchAction","target":{"@type":"EntryPoint","urlTemplate":"https:\/\/www.les-lodies-cookies.re\/?s={search_term_string}"},"query-input":{"@type":"PropertyValueSpecification","valueRequired":true,"valueName":"search_term_string"}}],"inLanguage":"fr-FR"}]}},"_links":{"self":[{"href":"https:\/\/www.les-lodies-cookies.re\/index.php?rest_route=\/wp\/v2\/pages\/74","targetHints":{"allow":["GET"]}}],"collection":[{"href":"https:\/\/www.les-lodies-cookies.re\/index.php?rest_route=\/wp\/v2\/pages"}],"about":[{"href":"https:\/\/www.les-lodies-cookies.re\/index.php?rest_route=\/wp\/v2\/types\/page"}],"author":[{"embeddable":true,"href":"https:\/\/www.les-lodies-cookies.re\/index.php?rest_route=\/wp\/v2\/users\/1"}],"replies":[{"embeddable":true,"href":"https:\/\/www.les-lodies-cookies.re\/index.php?rest_route=%2Fwp%2Fv2%2Fcomments&post=74"}],"version-history":[{"count":7,"href":"https:\/\/www.les-lodies-cookies.re\/index.php?rest_route=\/wp\/v2\/pages\/74\/revisions"}],"predecessor-version":[{"id":480,"href":"https:\/\/www.les-lodies-cookies.re\/index.php?rest_route=\/wp\/v2\/pages\/74\/revisions\/480"}],"wp:attachment":[{"href":"https:\/\/www.les-lodies-cookies.re\/index.php?rest_route=%2Fwp%2Fv2%2Fmedia&parent=74"}],"curies":[{"name":"wp","href":"https:\/\/api.w.org\/{rel}","templated":true}]}}