{"id":8,"date":"2024-11-19T15:37:12","date_gmt":"2024-11-19T15:37:12","guid":{"rendered":"https:\/\/www.les-lodies-cookies.re\/panier\/"},"modified":"2025-09-25T11:22:01","modified_gmt":"2025-09-25T11:22:01","slug":"panier","status":"publish","type":"page","link":"https:\/\/www.les-lodies-cookies.re\/?page_id=8","title":{"rendered":"Panier"},"content":{"rendered":"\n[et_pb_section][et_pb_row][et_pb_column type=\u00a0\u00bb4_4&Prime;][et_pb_text]<!-- divi:woocommerce\/cart -->\n<div class=\"wp-block-woocommerce-cart alignwide is-loading\"><!-- divi:woocommerce\/filled-cart-block -->\n<div class=\"wp-block-woocommerce-filled-cart-block\"><!-- divi:woocommerce\/cart-items-block -->\n<div class=\"wp-block-woocommerce-cart-items-block\"><!-- divi:woocommerce\/cart-line-items-block -->\n<div class=\"wp-block-woocommerce-cart-line-items-block\"><\/div>\n<!-- \/divi:woocommerce\/cart-line-items-block -->\n\n<!-- divi:woocommerce\/cart-cross-sells-block -->\n<div class=\"wp-block-woocommerce-cart-cross-sells-block\"><!-- divi:heading {\"fontSize\":\"large\"} -->\n<h2 class=\"wp-block-heading has-large-font-size\">\u00c7a peut vous int\u00e9resser&#8230;<\/h2>\n<!-- \/divi:heading -->\n\n<!-- divi:woocommerce\/cart-cross-sells-products-block -->\n<div class=\"wp-block-woocommerce-cart-cross-sells-products-block\"><\/div>\n<!-- \/divi:woocommerce\/cart-cross-sells-products-block --><\/div>\n<!-- \/divi:woocommerce\/cart-cross-sells-block --><\/div>\n<!-- \/divi:woocommerce\/cart-items-block -->\n\n<!-- divi:woocommerce\/cart-totals-block -->\n<div class=\"wp-block-woocommerce-cart-totals-block\"><!-- divi:woocommerce\/cart-order-summary-block -->\n<div class=\"wp-block-woocommerce-cart-order-summary-block\"><!-- divi:woocommerce\/cart-order-summary-heading-block {\"content\":\"Total panier\"} -->\n<div class=\"wp-block-woocommerce-cart-order-summary-heading-block\"><\/div>\n<!-- \/divi:woocommerce\/cart-order-summary-heading-block -->\n\n<!-- divi:woocommerce\/cart-order-summary-coupon-form-block -->\n<div class=\"wp-block-woocommerce-cart-order-summary-coupon-form-block\"><\/div>\n<!-- \/divi:woocommerce\/cart-order-summary-coupon-form-block -->\n\n<!-- divi:woocommerce\/cart-order-summary-totals-block -->\n<div class=\"wp-block-woocommerce-cart-order-summary-totals-block\"><!-- divi:woocommerce\/cart-order-summary-subtotal-block -->\n<div class=\"wp-block-woocommerce-cart-order-summary-subtotal-block\"><\/div>\n<!-- \/divi:woocommerce\/cart-order-summary-subtotal-block -->\n\n<!-- divi:woocommerce\/cart-order-summary-fee-block -->\n<div class=\"wp-block-woocommerce-cart-order-summary-fee-block\"><\/div>\n<!-- \/divi:woocommerce\/cart-order-summary-fee-block -->\n\n<!-- divi:woocommerce\/cart-order-summary-discount-block -->\n<div class=\"wp-block-woocommerce-cart-order-summary-discount-block\"><\/div>\n<!-- \/divi:woocommerce\/cart-order-summary-discount-block -->\n\n<!-- divi:woocommerce\/cart-order-summary-shipping-block -->\n<div class=\"wp-block-woocommerce-cart-order-summary-shipping-block\"><\/div>\n<!-- \/divi:woocommerce\/cart-order-summary-shipping-block -->\n\n<!-- divi:woocommerce\/cart-order-summary-taxes-block -->\n<div class=\"wp-block-woocommerce-cart-order-summary-taxes-block\"><\/div>\n<!-- \/divi:woocommerce\/cart-order-summary-taxes-block --><\/div>\n<!-- \/divi:woocommerce\/cart-order-summary-totals-block --><\/div>\n<!-- \/divi:woocommerce\/cart-order-summary-block -->\n\n<!-- divi:woocommerce\/cart-express-payment-block -->\n<div class=\"wp-block-woocommerce-cart-express-payment-block\"><\/div>\n<!-- \/divi:woocommerce\/cart-express-payment-block -->\n\n<!-- divi:woocommerce\/proceed-to-checkout-block -->\n<div class=\"wp-block-woocommerce-proceed-to-checkout-block\"><\/div>\n<!-- \/divi:woocommerce\/proceed-to-checkout-block -->\n\n<!-- divi:woocommerce\/cart-accepted-payment-methods-block -->\n<div class=\"wp-block-woocommerce-cart-accepted-payment-methods-block\"><\/div>\n<!-- \/divi:woocommerce\/cart-accepted-payment-methods-block --><\/div>\n<!-- \/divi:woocommerce\/cart-totals-block --><\/div>\n<!-- \/divi:woocommerce\/filled-cart-block -->\n\n<!-- divi:woocommerce\/empty-cart-block -->\n<div class=\"wp-block-woocommerce-empty-cart-block\"><!-- divi:heading {\"textAlign\":\"center\",\"className\":\"with-empty-cart-icon wc-block-cart__empty-cart__title\"} -->\n<h2 class=\"wp-block-heading has-text-align-center with-empty-cart-icon wc-block-cart__empty-cart__title\">Votre panier est actuellement vide&nbsp;!<\/h2>\n<!-- \/divi:heading -->\n\n<!-- divi:separator {\"className\":\"is-style-dots\"} -->\n<hr class=\"wp-block-separator has-alpha-channel-opacity is-style-dots\"\/>\n<!-- \/divi:separator -->\n\n<!-- divi:heading {\"textAlign\":\"center\"} -->\n<h2 class=\"wp-block-heading has-text-align-center\">Nouveau dans la boutique<\/h2>\n<!-- \/divi:heading -->\n\n<!-- divi:woocommerce\/product-new {\"columns\":4,\"rows\":1} \/--><\/div>\n<!-- \/divi:woocommerce\/empty-cart-block --><\/div>\n<!-- \/divi:woocommerce\/cart -->[\/et_pb_text][\/et_pb_column][\/et_pb_row][\/et_pb_section]\n","protected":false},"excerpt":{"rendered":"<p><div class=\"et_pb_section et_pb_section_0 et_section_regular\" >\n\t\t\t\t\n\t\t\t\t\n\t\t\t\t\n\t\t\t\t\n\t\t\t\t\n\t\t\t\t\n\t\t\t\t\n\t\t\t\t\n\t\t\t\t\n\t\t\t<\/div><div class=\"et_pb_row et_pb_row_0 et_pb_row_empty\">\n\t\t\t\t\n\t\t\t\t\n\t\t\t\t\n\t\t\t\t\n\t\t\t\t\n\t\t\t<\/div><div class=\"et_pb_module et_pb_text et_pb_text_0  et_pb_text_align_left et_pb_bg_layout_light\">\n\t\t\t\t\n\t\t\t\t\n\t\t\t\t\n\t\t\t\t\n\t\t\t\t\n\t\t\t<\/div> \u00c7a peut vous int\u00e9resser&#8230; Votre panier est actuellement vide&nbsp;! Nouveau dans la boutique<\/p>\n","protected":false},"author":1,"featured_media":0,"parent":0,"menu_order":0,"comment_status":"closed","ping_status":"closed","template":"","meta":{"_et_pb_use_builder":"on","_et_pb_old_content":"<!-- wp:woocommerce\/cart -->\n<div class=\"wp-block-woocommerce-cart alignwide is-loading\"><!-- wp:woocommerce\/filled-cart-block -->\n<div class=\"wp-block-woocommerce-filled-cart-block\"><!-- wp:woocommerce\/cart-items-block -->\n<div class=\"wp-block-woocommerce-cart-items-block\"><!-- wp:woocommerce\/cart-line-items-block -->\n<div class=\"wp-block-woocommerce-cart-line-items-block\"><\/div>\n<!-- \/wp:woocommerce\/cart-line-items-block -->\n\n<!-- wp:woocommerce\/cart-cross-sells-block -->\n<div class=\"wp-block-woocommerce-cart-cross-sells-block\"><!-- wp:heading {\"fontSize\":\"large\"} -->\n<h2 class=\"wp-block-heading has-large-font-size\">\u00c7a peut vous int\u00e9resser...<\/h2>\n<!-- \/wp:heading -->\n\n<!-- wp:woocommerce\/cart-cross-sells-products-block -->\n<div class=\"wp-block-woocommerce-cart-cross-sells-products-block\"><\/div>\n<!-- \/wp:woocommerce\/cart-cross-sells-products-block --><\/div>\n<!-- \/wp:woocommerce\/cart-cross-sells-block --><\/div>\n<!-- \/wp:woocommerce\/cart-items-block -->\n\n<!-- wp:woocommerce\/cart-totals-block -->\n<div class=\"wp-block-woocommerce-cart-totals-block\"><!-- wp:woocommerce\/cart-order-summary-block -->\n<div class=\"wp-block-woocommerce-cart-order-summary-block\"><!-- wp:woocommerce\/cart-order-summary-heading-block {\"content\":\"Total panier\"} -->\n<div class=\"wp-block-woocommerce-cart-order-summary-heading-block\"><\/div>\n<!-- \/wp:woocommerce\/cart-order-summary-heading-block -->\n\n<!-- wp:woocommerce\/cart-order-summary-coupon-form-block -->\n<div class=\"wp-block-woocommerce-cart-order-summary-coupon-form-block\"><\/div>\n<!-- \/wp:woocommerce\/cart-order-summary-coupon-form-block -->\n\n<!-- wp:woocommerce\/cart-order-summary-totals-block -->\n<div class=\"wp-block-woocommerce-cart-order-summary-totals-block\"><!-- wp:woocommerce\/cart-order-summary-subtotal-block -->\n<div class=\"wp-block-woocommerce-cart-order-summary-subtotal-block\"><\/div>\n<!-- \/wp:woocommerce\/cart-order-summary-subtotal-block -->\n\n<!-- wp:woocommerce\/cart-order-summary-fee-block -->\n<div class=\"wp-block-woocommerce-cart-order-summary-fee-block\"><\/div>\n<!-- \/wp:woocommerce\/cart-order-summary-fee-block -->\n\n<!-- wp:woocommerce\/cart-order-summary-discount-block -->\n<div class=\"wp-block-woocommerce-cart-order-summary-discount-block\"><\/div>\n<!-- \/wp:woocommerce\/cart-order-summary-discount-block -->\n\n<!-- wp:woocommerce\/cart-order-summary-shipping-block -->\n<div class=\"wp-block-woocommerce-cart-order-summary-shipping-block\"><\/div>\n<!-- \/wp:woocommerce\/cart-order-summary-shipping-block -->\n\n<!-- wp:woocommerce\/cart-order-summary-taxes-block -->\n<div class=\"wp-block-woocommerce-cart-order-summary-taxes-block\"><\/div>\n<!-- \/wp:woocommerce\/cart-order-summary-taxes-block --><\/div>\n<!-- \/wp:woocommerce\/cart-order-summary-totals-block --><\/div>\n<!-- \/wp:woocommerce\/cart-order-summary-block -->\n\n<!-- wp:woocommerce\/cart-express-payment-block -->\n<div class=\"wp-block-woocommerce-cart-express-payment-block\"><\/div>\n<!-- \/wp:woocommerce\/cart-express-payment-block -->\n\n<!-- wp:woocommerce\/proceed-to-checkout-block -->\n<div class=\"wp-block-woocommerce-proceed-to-checkout-block\"><\/div>\n<!-- \/wp:woocommerce\/proceed-to-checkout-block -->\n\n<!-- wp:woocommerce\/cart-accepted-payment-methods-block -->\n<div class=\"wp-block-woocommerce-cart-accepted-payment-methods-block\"><\/div>\n<!-- \/wp:woocommerce\/cart-accepted-payment-methods-block --><\/div>\n<!-- \/wp:woocommerce\/cart-totals-block --><\/div>\n<!-- \/wp:woocommerce\/filled-cart-block -->\n\n<!-- wp:woocommerce\/empty-cart-block -->\n<div class=\"wp-block-woocommerce-empty-cart-block\"><!-- wp:heading {\"textAlign\":\"center\",\"className\":\"with-empty-cart-icon wc-block-cart__empty-cart__title\"} -->\n<h2 class=\"wp-block-heading has-text-align-center with-empty-cart-icon wc-block-cart__empty-cart__title\">Votre panier est actuellement vide&nbsp;!<\/h2>\n<!-- \/wp:heading -->\n\n<!-- wp:separator {\"className\":\"is-style-dots\"} -->\n<hr class=\"wp-block-separator has-alpha-channel-opacity is-style-dots\"\/>\n<!-- \/wp:separator -->\n\n<!-- wp:heading {\"textAlign\":\"center\"} -->\n<h2 class=\"wp-block-heading has-text-align-center\">Nouveau dans la boutique<\/h2>\n<!-- \/wp:heading -->\n\n<!-- wp:woocommerce\/product-new {\"columns\":4,\"rows\":1} \/--><\/div>\n<!-- \/wp:woocommerce\/empty-cart-block --><\/div>\n<!-- \/wp:woocommerce\/cart -->","_et_gb_content_width":"","footnotes":""},"class_list":["post-8","page","type-page","status-publish","hentry"],"yoast_head":"<!-- This site is optimized with the Yoast SEO plugin v27.4 - https:\/\/yoast.com\/product\/yoast-seo-wordpress\/ -->\n<title>Panier - Les lodies cookies<\/title>\n<meta name=\"description\" content=\"Les cookies gourmands faits maison \u00e0 La R\u00e9union ! Des recettes artisanales, des ingr\u00e9dients de qualit\u00e9. R\u00e9galez-vous avec des saveurs 974, livr\u00e9es directement chez vous !\" \/>\n<meta name=\"robots\" content=\"index, follow, max-snippet:-1, max-image-preview:large, max-video-preview:-1\" \/>\n<link rel=\"canonical\" href=\"https:\/\/www.les-lodies-cookies.re\/?page_id=8\" \/>\n<meta property=\"og:locale\" content=\"fr_FR\" \/>\n<meta property=\"og:type\" content=\"article\" \/>\n<meta property=\"og:title\" content=\"Panier - Les lodies cookies\" \/>\n<meta property=\"og:description\" content=\"Les cookies gourmands faits maison \u00e0 La R\u00e9union ! Des recettes artisanales, des ingr\u00e9dients de qualit\u00e9. R\u00e9galez-vous avec des saveurs 974, livr\u00e9es directement chez vous !\" \/>\n<meta property=\"og:url\" content=\"https:\/\/www.les-lodies-cookies.re\/?page_id=8\" \/>\n<meta property=\"og:site_name\" content=\"Les lodies cookies\" \/>\n<meta property=\"article:modified_time\" content=\"2025-09-25T11:22:01+00:00\" \/>\n<meta property=\"og:image\" content=\"https:\/\/www.les-lodies-cookies.re\/wp-content\/uploads\/2025\/02\/PNG.png\" \/>\n\t<meta property=\"og:image:width\" content=\"1000\" \/>\n\t<meta property=\"og:image:height\" content=\"1000\" \/>\n\t<meta property=\"og:image:type\" content=\"image\/png\" \/>\n<meta name=\"twitter:card\" content=\"summary_large_image\" \/>\n<meta name=\"twitter:label1\" content=\"Dur\u00e9e de lecture estim\u00e9e\" \/>\n\t<meta name=\"twitter:data1\" content=\"1 minute\" \/>\n<script type=\"application\/ld+json\" class=\"yoast-schema-graph\">{\"@context\":\"https:\\\/\\\/schema.org\",\"@graph\":[{\"@type\":\"WebPage\",\"@id\":\"https:\\\/\\\/www.les-lodies-cookies.re\\\/?page_id=8\",\"url\":\"https:\\\/\\\/www.les-lodies-cookies.re\\\/?page_id=8\",\"name\":\"Panier - Les lodies cookies\",\"isPartOf\":{\"@id\":\"https:\\\/\\\/www.les-lodies-cookies.re\\\/#website\"},\"datePublished\":\"2024-11-19T15:37:12+00:00\",\"dateModified\":\"2025-09-25T11:22:01+00:00\",\"description\":\"Les cookies gourmands faits maison \u00e0 La R\u00e9union ! Des recettes artisanales, des ingr\u00e9dients de qualit\u00e9. R\u00e9galez-vous avec des saveurs 974, livr\u00e9es directement chez vous !\",\"breadcrumb\":{\"@id\":\"https:\\\/\\\/www.les-lodies-cookies.re\\\/?page_id=8#breadcrumb\"},\"inLanguage\":\"fr-FR\",\"potentialAction\":[{\"@type\":\"ReadAction\",\"target\":[\"https:\\\/\\\/www.les-lodies-cookies.re\\\/?page_id=8\"]}]},{\"@type\":\"BreadcrumbList\",\"@id\":\"https:\\\/\\\/www.les-lodies-cookies.re\\\/?page_id=8#breadcrumb\",\"itemListElement\":[{\"@type\":\"ListItem\",\"position\":1,\"name\":\"Accueil\",\"item\":\"https:\\\/\\\/www.les-lodies-cookies.re\\\/\"},{\"@type\":\"ListItem\",\"position\":2,\"name\":\"Panier\"}]},{\"@type\":\"WebSite\",\"@id\":\"https:\\\/\\\/www.les-lodies-cookies.re\\\/#website\",\"url\":\"https:\\\/\\\/www.les-lodies-cookies.re\\\/\",\"name\":\"Les lodies cookies\",\"description\":\"Cookies fait maison \u00e0 la R\u00e9union 974\",\"potentialAction\":[{\"@type\":\"SearchAction\",\"target\":{\"@type\":\"EntryPoint\",\"urlTemplate\":\"https:\\\/\\\/www.les-lodies-cookies.re\\\/?s={search_term_string}\"},\"query-input\":{\"@type\":\"PropertyValueSpecification\",\"valueRequired\":true,\"valueName\":\"search_term_string\"}}],\"inLanguage\":\"fr-FR\"}]}<\/script>\n<!-- \/ Yoast SEO plugin. -->","yoast_head_json":{"title":"Panier - Les lodies cookies","description":"Les cookies gourmands faits maison \u00e0 La R\u00e9union ! Des recettes artisanales, des ingr\u00e9dients de qualit\u00e9. R\u00e9galez-vous avec des saveurs 974, livr\u00e9es directement chez vous !","robots":{"index":"index","follow":"follow","max-snippet":"max-snippet:-1","max-image-preview":"max-image-preview:large","max-video-preview":"max-video-preview:-1"},"canonical":"https:\/\/www.les-lodies-cookies.re\/?page_id=8","og_locale":"fr_FR","og_type":"article","og_title":"Panier - Les lodies cookies","og_description":"Les cookies gourmands faits maison \u00e0 La R\u00e9union ! Des recettes artisanales, des ingr\u00e9dients de qualit\u00e9. R\u00e9galez-vous avec des saveurs 974, livr\u00e9es directement chez vous !","og_url":"https:\/\/www.les-lodies-cookies.re\/?page_id=8","og_site_name":"Les lodies cookies","article_modified_time":"2025-09-25T11:22:01+00:00","og_image":[{"width":1000,"height":1000,"url":"https:\/\/www.les-lodies-cookies.re\/wp-content\/uploads\/2025\/02\/PNG.png","type":"image\/png"}],"twitter_card":"summary_large_image","twitter_misc":{"Dur\u00e9e de lecture estim\u00e9e":"1 minute"},"schema":{"@context":"https:\/\/schema.org","@graph":[{"@type":"WebPage","@id":"https:\/\/www.les-lodies-cookies.re\/?page_id=8","url":"https:\/\/www.les-lodies-cookies.re\/?page_id=8","name":"Panier - Les lodies cookies","isPartOf":{"@id":"https:\/\/www.les-lodies-cookies.re\/#website"},"datePublished":"2024-11-19T15:37:12+00:00","dateModified":"2025-09-25T11:22:01+00:00","description":"Les cookies gourmands faits maison \u00e0 La R\u00e9union ! Des recettes artisanales, des ingr\u00e9dients de qualit\u00e9. R\u00e9galez-vous avec des saveurs 974, livr\u00e9es directement chez vous !","breadcrumb":{"@id":"https:\/\/www.les-lodies-cookies.re\/?page_id=8#breadcrumb"},"inLanguage":"fr-FR","potentialAction":[{"@type":"ReadAction","target":["https:\/\/www.les-lodies-cookies.re\/?page_id=8"]}]},{"@type":"BreadcrumbList","@id":"https:\/\/www.les-lodies-cookies.re\/?page_id=8#breadcrumb","itemListElement":[{"@type":"ListItem","position":1,"name":"Accueil","item":"https:\/\/www.les-lodies-cookies.re\/"},{"@type":"ListItem","position":2,"name":"Panier"}]},{"@type":"WebSite","@id":"https:\/\/www.les-lodies-cookies.re\/#website","url":"https:\/\/www.les-lodies-cookies.re\/","name":"Les lodies cookies","description":"Cookies fait maison \u00e0 la R\u00e9union 974","potentialAction":[{"@type":"SearchAction","target":{"@type":"EntryPoint","urlTemplate":"https:\/\/www.les-lodies-cookies.re\/?s={search_term_string}"},"query-input":{"@type":"PropertyValueSpecification","valueRequired":true,"valueName":"search_term_string"}}],"inLanguage":"fr-FR"}]}},"_links":{"self":[{"href":"https:\/\/www.les-lodies-cookies.re\/index.php?rest_route=\/wp\/v2\/pages\/8","targetHints":{"allow":["GET"]}}],"collection":[{"href":"https:\/\/www.les-lodies-cookies.re\/index.php?rest_route=\/wp\/v2\/pages"}],"about":[{"href":"https:\/\/www.les-lodies-cookies.re\/index.php?rest_route=\/wp\/v2\/types\/page"}],"author":[{"embeddable":true,"href":"https:\/\/www.les-lodies-cookies.re\/index.php?rest_route=\/wp\/v2\/users\/1"}],"replies":[{"embeddable":true,"href":"https:\/\/www.les-lodies-cookies.re\/index.php?rest_route=%2Fwp%2Fv2%2Fcomments&post=8"}],"version-history":[{"count":5,"href":"https:\/\/www.les-lodies-cookies.re\/index.php?rest_route=\/wp\/v2\/pages\/8\/revisions"}],"predecessor-version":[{"id":541,"href":"https:\/\/www.les-lodies-cookies.re\/index.php?rest_route=\/wp\/v2\/pages\/8\/revisions\/541"}],"wp:attachment":[{"href":"https:\/\/www.les-lodies-cookies.re\/index.php?rest_route=%2Fwp%2Fv2%2Fmedia&parent=8"}],"curies":[{"name":"wp","href":"https:\/\/api.w.org\/{rel}","templated":true}]}}