{"id":242,"date":"2025-02-05T11:17:51","date_gmt":"2025-02-05T11:17:51","guid":{"rendered":"https:\/\/www.les-lodies-cookies.re\/?post_type=product&#038;p=242"},"modified":"2025-02-05T13:58:11","modified_gmt":"2025-02-05T13:58:11","slug":"mini-cookies-aperos","status":"publish","type":"product","link":"https:\/\/www.les-lodies-cookies.re\/?product=mini-cookies-aperos","title":{"rendered":"Mini-cookies ap\u00e9ros"},"content":{"rendered":"","protected":false},"excerpt":{"rendered":"<p>Les cookies se d\u00e9clinent aussi en version sal\u00e9e ! Nous vous proposons des mini-cookies sal\u00e9s, parfaits pour ajouter une touche originale et gourmande \u00e0 vos ap\u00e9ritifs. Id\u00e9aux pour surprendre vos invit\u00e9s, ces petites bouch\u00e9es savoureuses m\u00ealent cr\u00e9ativit\u00e9 et tradition pour un moment de d\u00e9gustation unique et raffin\u00e9.<\/p>\n","protected":false},"featured_media":251,"comment_status":"open","ping_status":"closed","template":"","meta":{"_et_pb_use_builder":"","_et_pb_old_content":"","_et_gb_content_width":""},"product_brand":[],"product_cat":[46,35],"product_tag":[],"class_list":{"0":"post-242","1":"product","2":"type-product","3":"status-publish","4":"has-post-thumbnail","6":"product_cat-mini","7":"product_cat-mini-cookies-sales","9":"first","10":"instock","11":"shipping-taxable","12":"purchasable","13":"product-type-variable"},"yoast_head":"<!-- This site is optimized with the Yoast SEO plugin v27.4 - https:\/\/yoast.com\/product\/yoast-seo-wordpress\/ -->\n<title>Mini-cookies ap\u00e9ros - Les lodies cookies<\/title>\n<meta name=\"description\" content=\"Les cookies gourmands faits maison \u00e0 La R\u00e9union ! Des recettes artisanales, des ingr\u00e9dients de qualit\u00e9. R\u00e9galez-vous avec des saveurs 974, livr\u00e9es directement chez vous !\" \/>\n<meta name=\"robots\" content=\"index, follow, max-snippet:-1, max-image-preview:large, max-video-preview:-1\" \/>\n<link rel=\"canonical\" href=\"https:\/\/www.les-lodies-cookies.re\/produit\/mini-cookies-aperos\/\" \/>\n<meta property=\"og:locale\" content=\"fr_FR\" \/>\n<meta property=\"og:type\" content=\"article\" \/>\n<meta property=\"og:title\" content=\"Mini-cookies ap\u00e9ros - Les lodies cookies\" \/>\n<meta property=\"og:description\" content=\"Les cookies gourmands faits maison \u00e0 La R\u00e9union ! Des recettes artisanales, des ingr\u00e9dients de qualit\u00e9. R\u00e9galez-vous avec des saveurs 974, livr\u00e9es directement chez vous !\" \/>\n<meta property=\"og:url\" content=\"https:\/\/www.les-lodies-cookies.re\/produit\/mini-cookies-aperos\/\" \/>\n<meta property=\"og:site_name\" content=\"Les lodies cookies\" \/>\n<meta property=\"article:modified_time\" content=\"2025-02-05T13:58:11+00:00\" \/>\n<meta property=\"og:image\" content=\"https:\/\/www.les-lodies-cookies.re\/wp-content\/uploads\/2025\/02\/1030045-scaled.jpg\" \/>\n\t<meta property=\"og:image:width\" content=\"2560\" \/>\n\t<meta property=\"og:image:height\" content=\"1922\" \/>\n\t<meta property=\"og:image:type\" content=\"image\/jpeg\" \/>\n<meta name=\"twitter:card\" content=\"summary_large_image\" \/>\n<meta name=\"twitter:label1\" content=\"Dur\u00e9e de lecture estim\u00e9e\" \/>\n\t<meta name=\"twitter:data1\" content=\"1 minute\" \/>\n<script type=\"application\/ld+json\" class=\"yoast-schema-graph\">{\"@context\":\"https:\\\/\\\/schema.org\",\"@graph\":[{\"@type\":\"WebPage\",\"@id\":\"https:\\\/\\\/www.les-lodies-cookies.re\\\/produit\\\/mini-cookies-aperos\\\/\",\"url\":\"https:\\\/\\\/www.les-lodies-cookies.re\\\/produit\\\/mini-cookies-aperos\\\/\",\"name\":\"Mini-cookies ap\u00e9ros - Les lodies cookies\",\"isPartOf\":{\"@id\":\"https:\\\/\\\/www.les-lodies-cookies.re\\\/#website\"},\"primaryImageOfPage\":{\"@id\":\"https:\\\/\\\/www.les-lodies-cookies.re\\\/produit\\\/mini-cookies-aperos\\\/#primaryimage\"},\"image\":{\"@id\":\"https:\\\/\\\/www.les-lodies-cookies.re\\\/produit\\\/mini-cookies-aperos\\\/#primaryimage\"},\"thumbnailUrl\":\"https:\\\/\\\/www.les-lodies-cookies.re\\\/wp-content\\\/uploads\\\/2025\\\/02\\\/1030045-scaled.jpg\",\"datePublished\":\"2025-02-05T11:17:51+00:00\",\"dateModified\":\"2025-02-05T13:58:11+00:00\",\"description\":\"Les cookies gourmands faits maison \u00e0 La R\u00e9union ! Des recettes artisanales, des ingr\u00e9dients de qualit\u00e9. R\u00e9galez-vous avec des saveurs 974, livr\u00e9es directement chez vous !\",\"breadcrumb\":{\"@id\":\"https:\\\/\\\/www.les-lodies-cookies.re\\\/produit\\\/mini-cookies-aperos\\\/#breadcrumb\"},\"inLanguage\":\"fr-FR\",\"potentialAction\":[{\"@type\":\"ReadAction\",\"target\":[\"https:\\\/\\\/www.les-lodies-cookies.re\\\/produit\\\/mini-cookies-aperos\\\/\"]}]},{\"@type\":\"ImageObject\",\"inLanguage\":\"fr-FR\",\"@id\":\"https:\\\/\\\/www.les-lodies-cookies.re\\\/produit\\\/mini-cookies-aperos\\\/#primaryimage\",\"url\":\"https:\\\/\\\/www.les-lodies-cookies.re\\\/wp-content\\\/uploads\\\/2025\\\/02\\\/1030045-scaled.jpg\",\"contentUrl\":\"https:\\\/\\\/www.les-lodies-cookies.re\\\/wp-content\\\/uploads\\\/2025\\\/02\\\/1030045-scaled.jpg\",\"width\":2560,\"height\":1922,\"caption\":\"cookies-sales-apero\"},{\"@type\":\"BreadcrumbList\",\"@id\":\"https:\\\/\\\/www.les-lodies-cookies.re\\\/produit\\\/mini-cookies-aperos\\\/#breadcrumb\",\"itemListElement\":[{\"@type\":\"ListItem\",\"position\":1,\"name\":\"Accueil\",\"item\":\"https:\\\/\\\/www.les-lodies-cookies.re\\\/\"},{\"@type\":\"ListItem\",\"position\":2,\"name\":\"Boutique\",\"item\":\"https:\\\/\\\/www.les-lodies-cookies.re\\\/?page_id=7\"},{\"@type\":\"ListItem\",\"position\":3,\"name\":\"Mini-cookies ap\u00e9ros\"}]},{\"@type\":\"WebSite\",\"@id\":\"https:\\\/\\\/www.les-lodies-cookies.re\\\/#website\",\"url\":\"https:\\\/\\\/www.les-lodies-cookies.re\\\/\",\"name\":\"Les lodies cookies\",\"description\":\"Cookies fait maison \u00e0 la R\u00e9union 974\",\"potentialAction\":[{\"@type\":\"SearchAction\",\"target\":{\"@type\":\"EntryPoint\",\"urlTemplate\":\"https:\\\/\\\/www.les-lodies-cookies.re\\\/?s={search_term_string}\"},\"query-input\":{\"@type\":\"PropertyValueSpecification\",\"valueRequired\":true,\"valueName\":\"search_term_string\"}}],\"inLanguage\":\"fr-FR\"}]}<\/script>\n<!-- \/ Yoast SEO plugin. -->","yoast_head_json":{"title":"Mini-cookies ap\u00e9ros - Les lodies cookies","description":"Les cookies gourmands faits maison \u00e0 La R\u00e9union ! Des recettes artisanales, des ingr\u00e9dients de qualit\u00e9. R\u00e9galez-vous avec des saveurs 974, livr\u00e9es directement chez vous !","robots":{"index":"index","follow":"follow","max-snippet":"max-snippet:-1","max-image-preview":"max-image-preview:large","max-video-preview":"max-video-preview:-1"},"canonical":"https:\/\/www.les-lodies-cookies.re\/produit\/mini-cookies-aperos\/","og_locale":"fr_FR","og_type":"article","og_title":"Mini-cookies ap\u00e9ros - Les lodies cookies","og_description":"Les cookies gourmands faits maison \u00e0 La R\u00e9union ! Des recettes artisanales, des ingr\u00e9dients de qualit\u00e9. R\u00e9galez-vous avec des saveurs 974, livr\u00e9es directement chez vous !","og_url":"https:\/\/www.les-lodies-cookies.re\/produit\/mini-cookies-aperos\/","og_site_name":"Les lodies cookies","article_modified_time":"2025-02-05T13:58:11+00:00","og_image":[{"width":2560,"height":1922,"url":"https:\/\/www.les-lodies-cookies.re\/wp-content\/uploads\/2025\/02\/1030045-scaled.jpg","type":"image\/jpeg"}],"twitter_card":"summary_large_image","twitter_misc":{"Dur\u00e9e de lecture estim\u00e9e":"1 minute"},"schema":{"@context":"https:\/\/schema.org","@graph":[{"@type":"WebPage","@id":"https:\/\/www.les-lodies-cookies.re\/produit\/mini-cookies-aperos\/","url":"https:\/\/www.les-lodies-cookies.re\/produit\/mini-cookies-aperos\/","name":"Mini-cookies ap\u00e9ros - Les lodies cookies","isPartOf":{"@id":"https:\/\/www.les-lodies-cookies.re\/#website"},"primaryImageOfPage":{"@id":"https:\/\/www.les-lodies-cookies.re\/produit\/mini-cookies-aperos\/#primaryimage"},"image":{"@id":"https:\/\/www.les-lodies-cookies.re\/produit\/mini-cookies-aperos\/#primaryimage"},"thumbnailUrl":"https:\/\/www.les-lodies-cookies.re\/wp-content\/uploads\/2025\/02\/1030045-scaled.jpg","datePublished":"2025-02-05T11:17:51+00:00","dateModified":"2025-02-05T13:58:11+00:00","description":"Les cookies gourmands faits maison \u00e0 La R\u00e9union ! Des recettes artisanales, des ingr\u00e9dients de qualit\u00e9. R\u00e9galez-vous avec des saveurs 974, livr\u00e9es directement chez vous !","breadcrumb":{"@id":"https:\/\/www.les-lodies-cookies.re\/produit\/mini-cookies-aperos\/#breadcrumb"},"inLanguage":"fr-FR","potentialAction":[{"@type":"ReadAction","target":["https:\/\/www.les-lodies-cookies.re\/produit\/mini-cookies-aperos\/"]}]},{"@type":"ImageObject","inLanguage":"fr-FR","@id":"https:\/\/www.les-lodies-cookies.re\/produit\/mini-cookies-aperos\/#primaryimage","url":"https:\/\/www.les-lodies-cookies.re\/wp-content\/uploads\/2025\/02\/1030045-scaled.jpg","contentUrl":"https:\/\/www.les-lodies-cookies.re\/wp-content\/uploads\/2025\/02\/1030045-scaled.jpg","width":2560,"height":1922,"caption":"cookies-sales-apero"},{"@type":"BreadcrumbList","@id":"https:\/\/www.les-lodies-cookies.re\/produit\/mini-cookies-aperos\/#breadcrumb","itemListElement":[{"@type":"ListItem","position":1,"name":"Accueil","item":"https:\/\/www.les-lodies-cookies.re\/"},{"@type":"ListItem","position":2,"name":"Boutique","item":"https:\/\/www.les-lodies-cookies.re\/?page_id=7"},{"@type":"ListItem","position":3,"name":"Mini-cookies ap\u00e9ros"}]},{"@type":"WebSite","@id":"https:\/\/www.les-lodies-cookies.re\/#website","url":"https:\/\/www.les-lodies-cookies.re\/","name":"Les lodies cookies","description":"Cookies fait maison \u00e0 la R\u00e9union 974","potentialAction":[{"@type":"SearchAction","target":{"@type":"EntryPoint","urlTemplate":"https:\/\/www.les-lodies-cookies.re\/?s={search_term_string}"},"query-input":{"@type":"PropertyValueSpecification","valueRequired":true,"valueName":"search_term_string"}}],"inLanguage":"fr-FR"}]}},"_links":{"self":[{"href":"https:\/\/www.les-lodies-cookies.re\/index.php?rest_route=\/wp\/v2\/product\/242","targetHints":{"allow":["GET"]}}],"collection":[{"href":"https:\/\/www.les-lodies-cookies.re\/index.php?rest_route=\/wp\/v2\/product"}],"about":[{"href":"https:\/\/www.les-lodies-cookies.re\/index.php?rest_route=\/wp\/v2\/types\/product"}],"replies":[{"embeddable":true,"href":"https:\/\/www.les-lodies-cookies.re\/index.php?rest_route=%2Fwp%2Fv2%2Fcomments&post=242"}],"wp:featuredmedia":[{"embeddable":true,"href":"https:\/\/www.les-lodies-cookies.re\/index.php?rest_route=\/wp\/v2\/media\/251"}],"wp:attachment":[{"href":"https:\/\/www.les-lodies-cookies.re\/index.php?rest_route=%2Fwp%2Fv2%2Fmedia&parent=242"}],"wp:term":[{"taxonomy":"product_brand","embeddable":true,"href":"https:\/\/www.les-lodies-cookies.re\/index.php?rest_route=%2Fwp%2Fv2%2Fproduct_brand&post=242"},{"taxonomy":"product_cat","embeddable":true,"href":"https:\/\/www.les-lodies-cookies.re\/index.php?rest_route=%2Fwp%2Fv2%2Fproduct_cat&post=242"},{"taxonomy":"product_tag","embeddable":true,"href":"https:\/\/www.les-lodies-cookies.re\/index.php?rest_route=%2Fwp%2Fv2%2Fproduct_tag&post=242"}],"curies":[{"name":"wp","href":"https:\/\/api.w.org\/{rel}","templated":true}]}}