{"id":298,"date":"2025-02-05T11:55:28","date_gmt":"2025-02-05T11:55:28","guid":{"rendered":"https:\/\/www.les-lodies-cookies.re\/?post_type=product&#038;p=298"},"modified":"2025-02-25T12:37:26","modified_gmt":"2025-02-25T12:37:26","slug":"formule-anniversaire","status":"publish","type":"product","link":"https:\/\/www.les-lodies-cookies.re\/?product=formule-anniversaire","title":{"rendered":"Formule anniversaire (pour 20 personnes)"},"content":{"rendered":"","protected":false},"excerpt":{"rendered":"<p><span style=\"font-weight: 400;\">Envie d\u2019originalit\u00e9 pour vos anniversaires en \u00e9tant s\u00fbr que tout le monde trouvera son bonheur et sans prise de t\u00eate. <\/span><\/p>\n<p><strong>La formule anniversaire comprend :<\/strong><\/p>\n<ul>\n<li><span style=\"font-weight: 400;\"><strong>1 cookies double g\u00e9ant d\u2019anniversaire pour 20 personnes<\/strong> : P\u00e9pites et fourrage au choix (ci-apr\u00e8s)<\/span><\/li>\n<li><span style=\"font-weight: 400;\">\u00a01 boite de<strong> 36 mix cookies ap\u00e9ro<\/strong><\/span><\/li>\n<li>1 boite de <strong>36 mini-cookies<\/strong> ( 12 au chocolat noir, 12 au chocolat au lait et 12 au chocolat blanc)<\/li>\n<\/ul>\n<p><span style=\"font-weight: 400;\">Si besoin de changement de saveurs,<strong> \u00e9crivez-nous ici<\/strong><\/span><\/p>\n","protected":false},"featured_media":394,"comment_status":"open","ping_status":"closed","template":"","meta":{"_et_pb_use_builder":"on","_et_pb_old_content":"","_et_gb_content_width":""},"product_brand":[],"product_cat":[39],"product_tag":[],"class_list":{"0":"post-298","1":"product","2":"type-product","3":"status-publish","4":"has-post-thumbnail","6":"product_cat-formules-anniversaire","8":"first","9":"instock","10":"shipping-taxable","11":"purchasable","12":"product-type-variable"},"yoast_head":"<!-- This site is optimized with the Yoast SEO plugin v27.4 - https:\/\/yoast.com\/product\/yoast-seo-wordpress\/ -->\n<title>Formule anniversaire (pour 20 personnes) - Les lodies cookies<\/title>\n<meta name=\"description\" content=\"Les cookies gourmands faits maison \u00e0 La R\u00e9union ! Des recettes artisanales, des ingr\u00e9dients de qualit\u00e9. R\u00e9galez-vous avec des saveurs 974, livr\u00e9es directement chez vous !\" \/>\n<meta name=\"robots\" content=\"index, follow, max-snippet:-1, max-image-preview:large, max-video-preview:-1\" \/>\n<link rel=\"canonical\" href=\"https:\/\/www.les-lodies-cookies.re\/produit\/formule-anniversaire\/\" \/>\n<meta property=\"og:locale\" content=\"fr_FR\" \/>\n<meta property=\"og:type\" content=\"article\" \/>\n<meta property=\"og:title\" content=\"Formule anniversaire (pour 20 personnes) - Les lodies cookies\" \/>\n<meta property=\"og:description\" content=\"Les cookies gourmands faits maison \u00e0 La R\u00e9union ! Des recettes artisanales, des ingr\u00e9dients de qualit\u00e9. R\u00e9galez-vous avec des saveurs 974, livr\u00e9es directement chez vous !\" \/>\n<meta property=\"og:url\" content=\"https:\/\/www.les-lodies-cookies.re\/produit\/formule-anniversaire\/\" \/>\n<meta property=\"og:site_name\" content=\"Les lodies cookies\" \/>\n<meta property=\"article:modified_time\" content=\"2025-02-25T12:37:26+00:00\" \/>\n<meta property=\"og:image\" content=\"https:\/\/www.les-lodies-cookies.re\/wp-content\/uploads\/2025\/02\/1029952-scaled.jpg\" \/>\n\t<meta property=\"og:image:width\" content=\"1922\" \/>\n\t<meta property=\"og:image:height\" content=\"2560\" \/>\n\t<meta property=\"og:image:type\" content=\"image\/jpeg\" \/>\n<meta name=\"twitter:card\" content=\"summary_large_image\" \/>\n<meta name=\"twitter:label1\" content=\"Dur\u00e9e de lecture estim\u00e9e\" \/>\n\t<meta name=\"twitter:data1\" content=\"1 minute\" \/>\n<script type=\"application\/ld+json\" class=\"yoast-schema-graph\">{\"@context\":\"https:\\\/\\\/schema.org\",\"@graph\":[{\"@type\":\"WebPage\",\"@id\":\"https:\\\/\\\/www.les-lodies-cookies.re\\\/produit\\\/formule-anniversaire\\\/\",\"url\":\"https:\\\/\\\/www.les-lodies-cookies.re\\\/produit\\\/formule-anniversaire\\\/\",\"name\":\"Formule anniversaire (pour 20 personnes) - Les lodies cookies\",\"isPartOf\":{\"@id\":\"https:\\\/\\\/www.les-lodies-cookies.re\\\/#website\"},\"primaryImageOfPage\":{\"@id\":\"https:\\\/\\\/www.les-lodies-cookies.re\\\/produit\\\/formule-anniversaire\\\/#primaryimage\"},\"image\":{\"@id\":\"https:\\\/\\\/www.les-lodies-cookies.re\\\/produit\\\/formule-anniversaire\\\/#primaryimage\"},\"thumbnailUrl\":\"https:\\\/\\\/www.les-lodies-cookies.re\\\/wp-content\\\/uploads\\\/2025\\\/02\\\/1029952-scaled.jpg\",\"datePublished\":\"2025-02-05T11:55:28+00:00\",\"dateModified\":\"2025-02-25T12:37:26+00:00\",\"description\":\"Les cookies gourmands faits maison \u00e0 La R\u00e9union ! Des recettes artisanales, des ingr\u00e9dients de qualit\u00e9. R\u00e9galez-vous avec des saveurs 974, livr\u00e9es directement chez vous !\",\"breadcrumb\":{\"@id\":\"https:\\\/\\\/www.les-lodies-cookies.re\\\/produit\\\/formule-anniversaire\\\/#breadcrumb\"},\"inLanguage\":\"fr-FR\",\"potentialAction\":[{\"@type\":\"ReadAction\",\"target\":[\"https:\\\/\\\/www.les-lodies-cookies.re\\\/produit\\\/formule-anniversaire\\\/\"]}]},{\"@type\":\"ImageObject\",\"inLanguage\":\"fr-FR\",\"@id\":\"https:\\\/\\\/www.les-lodies-cookies.re\\\/produit\\\/formule-anniversaire\\\/#primaryimage\",\"url\":\"https:\\\/\\\/www.les-lodies-cookies.re\\\/wp-content\\\/uploads\\\/2025\\\/02\\\/1029952-scaled.jpg\",\"contentUrl\":\"https:\\\/\\\/www.les-lodies-cookies.re\\\/wp-content\\\/uploads\\\/2025\\\/02\\\/1029952-scaled.jpg\",\"width\":1922,\"height\":2560},{\"@type\":\"BreadcrumbList\",\"@id\":\"https:\\\/\\\/www.les-lodies-cookies.re\\\/produit\\\/formule-anniversaire\\\/#breadcrumb\",\"itemListElement\":[{\"@type\":\"ListItem\",\"position\":1,\"name\":\"Accueil\",\"item\":\"https:\\\/\\\/www.les-lodies-cookies.re\\\/\"},{\"@type\":\"ListItem\",\"position\":2,\"name\":\"Boutique\",\"item\":\"https:\\\/\\\/www.les-lodies-cookies.re\\\/?page_id=7\"},{\"@type\":\"ListItem\",\"position\":3,\"name\":\"Formule anniversaire (pour 20 personnes)\"}]},{\"@type\":\"WebSite\",\"@id\":\"https:\\\/\\\/www.les-lodies-cookies.re\\\/#website\",\"url\":\"https:\\\/\\\/www.les-lodies-cookies.re\\\/\",\"name\":\"Les lodies cookies\",\"description\":\"Cookies fait maison \u00e0 la R\u00e9union 974\",\"potentialAction\":[{\"@type\":\"SearchAction\",\"target\":{\"@type\":\"EntryPoint\",\"urlTemplate\":\"https:\\\/\\\/www.les-lodies-cookies.re\\\/?s={search_term_string}\"},\"query-input\":{\"@type\":\"PropertyValueSpecification\",\"valueRequired\":true,\"valueName\":\"search_term_string\"}}],\"inLanguage\":\"fr-FR\"}]}<\/script>\n<!-- \/ Yoast SEO plugin. -->","yoast_head_json":{"title":"Formule anniversaire (pour 20 personnes) - Les lodies cookies","description":"Les cookies gourmands faits maison \u00e0 La R\u00e9union ! Des recettes artisanales, des ingr\u00e9dients de qualit\u00e9. R\u00e9galez-vous avec des saveurs 974, livr\u00e9es directement chez vous !","robots":{"index":"index","follow":"follow","max-snippet":"max-snippet:-1","max-image-preview":"max-image-preview:large","max-video-preview":"max-video-preview:-1"},"canonical":"https:\/\/www.les-lodies-cookies.re\/produit\/formule-anniversaire\/","og_locale":"fr_FR","og_type":"article","og_title":"Formule anniversaire (pour 20 personnes) - Les lodies cookies","og_description":"Les cookies gourmands faits maison \u00e0 La R\u00e9union ! Des recettes artisanales, des ingr\u00e9dients de qualit\u00e9. R\u00e9galez-vous avec des saveurs 974, livr\u00e9es directement chez vous !","og_url":"https:\/\/www.les-lodies-cookies.re\/produit\/formule-anniversaire\/","og_site_name":"Les lodies cookies","article_modified_time":"2025-02-25T12:37:26+00:00","og_image":[{"width":1922,"height":2560,"url":"https:\/\/www.les-lodies-cookies.re\/wp-content\/uploads\/2025\/02\/1029952-scaled.jpg","type":"image\/jpeg"}],"twitter_card":"summary_large_image","twitter_misc":{"Dur\u00e9e de lecture estim\u00e9e":"1 minute"},"schema":{"@context":"https:\/\/schema.org","@graph":[{"@type":"WebPage","@id":"https:\/\/www.les-lodies-cookies.re\/produit\/formule-anniversaire\/","url":"https:\/\/www.les-lodies-cookies.re\/produit\/formule-anniversaire\/","name":"Formule anniversaire (pour 20 personnes) - Les lodies cookies","isPartOf":{"@id":"https:\/\/www.les-lodies-cookies.re\/#website"},"primaryImageOfPage":{"@id":"https:\/\/www.les-lodies-cookies.re\/produit\/formule-anniversaire\/#primaryimage"},"image":{"@id":"https:\/\/www.les-lodies-cookies.re\/produit\/formule-anniversaire\/#primaryimage"},"thumbnailUrl":"https:\/\/www.les-lodies-cookies.re\/wp-content\/uploads\/2025\/02\/1029952-scaled.jpg","datePublished":"2025-02-05T11:55:28+00:00","dateModified":"2025-02-25T12:37:26+00:00","description":"Les cookies gourmands faits maison \u00e0 La R\u00e9union ! Des recettes artisanales, des ingr\u00e9dients de qualit\u00e9. R\u00e9galez-vous avec des saveurs 974, livr\u00e9es directement chez vous !","breadcrumb":{"@id":"https:\/\/www.les-lodies-cookies.re\/produit\/formule-anniversaire\/#breadcrumb"},"inLanguage":"fr-FR","potentialAction":[{"@type":"ReadAction","target":["https:\/\/www.les-lodies-cookies.re\/produit\/formule-anniversaire\/"]}]},{"@type":"ImageObject","inLanguage":"fr-FR","@id":"https:\/\/www.les-lodies-cookies.re\/produit\/formule-anniversaire\/#primaryimage","url":"https:\/\/www.les-lodies-cookies.re\/wp-content\/uploads\/2025\/02\/1029952-scaled.jpg","contentUrl":"https:\/\/www.les-lodies-cookies.re\/wp-content\/uploads\/2025\/02\/1029952-scaled.jpg","width":1922,"height":2560},{"@type":"BreadcrumbList","@id":"https:\/\/www.les-lodies-cookies.re\/produit\/formule-anniversaire\/#breadcrumb","itemListElement":[{"@type":"ListItem","position":1,"name":"Accueil","item":"https:\/\/www.les-lodies-cookies.re\/"},{"@type":"ListItem","position":2,"name":"Boutique","item":"https:\/\/www.les-lodies-cookies.re\/?page_id=7"},{"@type":"ListItem","position":3,"name":"Formule anniversaire (pour 20 personnes)"}]},{"@type":"WebSite","@id":"https:\/\/www.les-lodies-cookies.re\/#website","url":"https:\/\/www.les-lodies-cookies.re\/","name":"Les lodies cookies","description":"Cookies fait maison \u00e0 la R\u00e9union 974","potentialAction":[{"@type":"SearchAction","target":{"@type":"EntryPoint","urlTemplate":"https:\/\/www.les-lodies-cookies.re\/?s={search_term_string}"},"query-input":{"@type":"PropertyValueSpecification","valueRequired":true,"valueName":"search_term_string"}}],"inLanguage":"fr-FR"}]}},"_links":{"self":[{"href":"https:\/\/www.les-lodies-cookies.re\/index.php?rest_route=\/wp\/v2\/product\/298","targetHints":{"allow":["GET"]}}],"collection":[{"href":"https:\/\/www.les-lodies-cookies.re\/index.php?rest_route=\/wp\/v2\/product"}],"about":[{"href":"https:\/\/www.les-lodies-cookies.re\/index.php?rest_route=\/wp\/v2\/types\/product"}],"replies":[{"embeddable":true,"href":"https:\/\/www.les-lodies-cookies.re\/index.php?rest_route=%2Fwp%2Fv2%2Fcomments&post=298"}],"wp:featuredmedia":[{"embeddable":true,"href":"https:\/\/www.les-lodies-cookies.re\/index.php?rest_route=\/wp\/v2\/media\/394"}],"wp:attachment":[{"href":"https:\/\/www.les-lodies-cookies.re\/index.php?rest_route=%2Fwp%2Fv2%2Fmedia&parent=298"}],"wp:term":[{"taxonomy":"product_brand","embeddable":true,"href":"https:\/\/www.les-lodies-cookies.re\/index.php?rest_route=%2Fwp%2Fv2%2Fproduct_brand&post=298"},{"taxonomy":"product_cat","embeddable":true,"href":"https:\/\/www.les-lodies-cookies.re\/index.php?rest_route=%2Fwp%2Fv2%2Fproduct_cat&post=298"},{"taxonomy":"product_tag","embeddable":true,"href":"https:\/\/www.les-lodies-cookies.re\/index.php?rest_route=%2Fwp%2Fv2%2Fproduct_tag&post=298"}],"curies":[{"name":"wp","href":"https:\/\/api.w.org\/{rel}","templated":true}]}}